{"id":22182,"date":"2022-04-07T16:07:13","date_gmt":"2022-04-07T14:07:13","guid":{"rendered":"https:\/\/bitcoinromania.ro\/blog\/?page_id=22182"},"modified":"2024-02-01T14:04:07","modified_gmt":"2024-02-01T12:04:07","slug":"despre-noi","status":"publish","type":"page","link":"https:\/\/bitcoinromania.ro\/blog\/despre-noi\/","title":{"rendered":"Despre noi"},"content":{"rendered":"<p><span style=\"font-weight: 400; color: #000000;\">Am \u00eenceput povestea \u00een 2014, atunci c\u00e2nd fra\u021bii Constantin Rotariu \u0219i George Rotariu \u0219i-au unit pasiunea pentru criptomonede cu specializ\u0103rile \u00een IT \u0219i finan\u021be ale acestora, d\u00e2nd na\u0219tere primului \u0219i celui mai mare exchange crypto de pe pia\u021ba rom\u00e2neasc\u0103.\u00a0<\/span><\/p>\n<p><span style=\"font-weight: 400; color: #000000;\">Din 2014 \u0219i p\u00e2n\u0103 \u00een prezent au avut loc foarte multe schimb\u0103ri \u0219i ne-am \u00eembun\u0103t\u0103\u021bit constant pentru a putea oferi pasiona\u021bilor de criptomonede cele mai bune servicii \u0219i pentru a le da acestora oportunitatea de a tranzac\u021biona pe platforme sigure \u0219i de \u00eencredere. P\u00e2n\u0103 \u00een prezent am c\u0103p\u0103tat tot mai mult\u0103 experien\u021b\u0103 \u0219i am ajuns \u00een fiecare zi mai aproape de obiectivul principal: s\u0103 devenim un lider at\u00e2t la nivel european, c\u00e2t \u0219i interna\u021bional. Treptat, am introdus \u00een permanen\u021b\u0103 pe pia\u021ba rom\u00e2neasc\u0103 noi metode de cump\u0103rare \u0219i v\u00e2nzare a criptomonedelor.<\/span><\/p>\n<h2><span style=\"color: #000000;\"><b>Cum a \u00eenceput totul?<\/b><\/span><\/h2>\n<p><span style=\"font-weight: 400; color: #000000;\">2014 &#8211; A luat na\u0219tere Bitcoin Rom\u00e2nia \u0219i am adus primul ATM Bitcoin din Rom\u00e2nia<\/span><\/p>\n<p><span style=\"color: #000000;\"><span style=\"font-weight: 400;\">2017 &#8211; A fost \u00eenfiin\u021bat\u0103 platforma Trade (<\/span><i><span style=\"font-weight: 400;\">platforma mutata pe bitcoinromania.ro)<\/span><\/i><\/span><\/p>\n<p><span style=\"font-weight: 400; color: #000000;\">2019 &#8211; Am \u00eenceput s\u0103 \u00eencheiem\u00a0 parteneriate prin care oferim posibilitatea investitorilor de a valorifica expertiza \u0219i re\u021beaua noastr\u0103, prin \u00eenchirierea \u0219i operarea crypto ATM-urilor de la Bitcoin Rom\u00e2nia.<\/span><\/p>\n<p><span style=\"color: #000000;\"><span style=\"font-weight: 400;\">2020 &#8211; A fost \u00eenfiin\u021bat\u0103 platforma PRO (<\/span><i><span style=\"font-weight: 400;\">platforma mutata pe bitcoinromania.ro)<\/span><\/i><span style=\"font-weight: 400;\"><br \/>\n<\/span><\/span><\/p>\n<p><span style=\"font-weight: 400; color: #000000;\">2021 &#8211; Bitcoin Rom\u00e2nia de\u021bine 81 de ATM-uri, dintre care 46 au fost introduse doar \u00een 2021<\/span><\/p>\n<p><span style=\"font-weight: 400; color: #000000;\">* \u00cen prezent, familia Bitcoin Rom\u00e2nia are un num\u0103r de peste 70.000 de membri, dintre care\u00a0 90% persoane fizice rom\u00e2ne \u0219i 10%\u00a0 persoane juridice rom\u00e2ne \u0219i persoane fizice rezidente ale Uniunii Europene.<\/span><\/p>\n<p><span style=\"font-weight: 400; color: #000000;\">Bitcoin Romania ofer\u0103 clien\u021bilor s\u0103i o platform\u0103 de tranzac\u021bionare online si o re\u021bea extins\u0103 de ATM-uri Bitcoin.<\/span><\/p>\n<h2><span style=\"color: #000000;\"><b>Despre platforma de tranzactionare<\/b><\/span><\/h2>\n<ul>\n<li style=\"font-weight: 400;\" aria-level=\"1\"><span style=\"font-weight: 400; color: #000000;\">Permite clien\u021bilor cump\u0103rarea \u0219i v\u00e2nzarea a altor 30 de altcoins<\/span><\/li>\n<li style=\"font-weight: 400;\" aria-level=\"1\"><span style=\"font-weight: 400; color: #000000;\">Ofer\u0103 un serviciu numit BTR vault unde se pot stoca criptomonedele pentru o \u0219i mai mare siguran\u021b\u0103<\/span><\/li>\n<li style=\"font-weight: 400;\" aria-level=\"1\"><span style=\"font-weight: 400; color: #000000;\">Platform\u0103 conceput\u0103 special pentru traderi, ofer\u0103 cele mai multe perechi de schimb de criptomonede din pia\u021ba rom\u00e2neasc\u0103.<\/span><\/li>\n<li style=\"font-weight: 400;\" aria-level=\"1\"><span style=\"font-weight: 400; color: #000000;\">Po\u021bi face schimburi de criptomonede 24\/7<\/span><\/li>\n<\/ul>\n<h2><span style=\"color: #000000;\"><b>Despre ATM-urile Bitcoin<\/b><\/span><\/h2>\n<ul>\n<li style=\"font-weight: 400;\" aria-level=\"1\"><span style=\"font-weight: 400; color: #000000;\">Povestea noastr\u0103 a \u00eenceput odat\u0103 cu aducerea primului ATM Bitcoin din Europa Continental\u0103, totodat\u0103 al cincilea din lume. Aceasta a reprezentat o piatr\u0103 de temelie at\u00e2t pentru companie, c\u00e2t \u0219i pentru domeniul crypto din Rom\u00e2nia. ATM-urile Bitcoin Rom\u00e2nia sunt unul dintre cele mai simple \u0219i rapide moduri de a cump\u0103ra \u0219i a vinde criptomonede.\u00a0<\/span><\/li>\n<li style=\"font-weight: 400;\" aria-level=\"1\"><span style=\"font-weight: 400; color: #000000;\">Utilizarea ATM-ului este u\u0219oar\u0103, intuitiv\u0103, iar clien\u021bii pot tranzac\u021biona BTC (Bitcoin), dar \u0219i alte monede precum: ETH (Ethereum), BCH (Bitcoin Cash) \u0219i LTC (Litecoin).<\/span><\/li>\n<li style=\"font-weight: 400;\" aria-level=\"1\"><span style=\"font-weight: 400; color: #000000;\">Oferim traderilor din Rom\u00e2nia posibilitatea de a tranzac\u021biona BTC, ETH, BCH \u0219i LTC \u00een condi\u021bii de maxim\u0103 siguran\u021b\u0103 \u0219i la cel mai avantajos curs.<\/span><\/li>\n<\/ul>\n<p><span style=\"color: #000000;\"><span style=\"font-weight: 400;\">Afla mai multe accesand platforma dedicata ATM-urilor Bitcoin: <\/span><a style=\"color: #000000;\" href=\"https:\/\/cryptoatm.ro\/\"><span style=\"font-weight: 400;\">https:\/\/cryptoatm.ro\/<\/span><\/a><span style=\"font-weight: 400;\"> .<\/span><\/span><\/p>\n<h2><span style=\"color: #000000;\"><b>De ce sa alegi Bitcoin Romania?<\/b><\/span><\/h2>\n<p><span style=\"font-weight: 400; color: #000000;\">\u2713 Tranzac\u021bii rapide \u0219i eficiente<\/span><\/p>\n<p><span style=\"color: #000000;\"><span style=\"font-weight: 400;\">\u2713 <\/span><span style=\"font-weight: 400;\">Singurii de pe pia\u021b\u0103 care pun la dispozi\u021bie ATM-uri pentru retragerea de numerar<\/span><\/span><\/p>\n<p><span style=\"color: #000000;\"><span style=\"font-weight: 400;\">\u2713 <\/span><span style=\"font-weight: 400;\">Achizi\u021bie cu RON \u0219i EURO\u00a0<\/span><\/span><\/p>\n<p><span style=\"color: #000000;\"><span style=\"font-weight: 400;\">\u2713 <\/span><span style=\"font-weight: 400;\">Support specializat at\u00e2t pe platforma, c\u00e2t \u0219i pentru ATM-uri<\/span><\/span><\/p>\n<p><span style=\"color: #000000;\"><span style=\"font-weight: 400;\">\u2713 <\/span><span style=\"font-weight: 400;\">Propriul crypto adviser<\/span><\/span><\/p>\n<p><span style=\"color: #000000;\"><span style=\"font-weight: 400;\">\u2713 <\/span><span style=\"font-weight: 400;\">Varietatea de criptomonede\u00a0<\/span><\/span><\/p>\n<p><span style=\"color: #000000;\"><span style=\"font-weight: 400;\">\u2713 <\/span><span style=\"font-weight: 400;\">Instrumente variate de tranzac\u021bionare<\/span><\/span><\/p>\n<p><span style=\"color: #000000;\"><span style=\"font-weight: 400;\">\u2713 <\/span><span style=\"font-weight: 400;\">Platforme securizate \u0219i f\u0103r\u0103 riscuri de fraud\u0103<\/span><\/span><\/p>\n<p><span style=\"color: #000000;\"><span style=\"font-weight: 400;\">\u2713 <\/span><span style=\"font-weight: 400;\">Op\u021biuni personalizate<\/span><\/span><\/p>\n","protected":false},"excerpt":{"rendered":"<p>Am \u00eenceput povestea \u00een 2014, atunci c\u00e2nd fra\u021bii Constantin Rotariu \u0219i George Rotariu \u0219i-au unit pasiunea pentru criptomonede cu specializ\u0103rile \u00een IT \u0219i finan\u021be ale acestora, d\u00e2nd na\u0219tere primului \u0219i celui mai mare exchange crypto de pe pia\u021ba rom\u00e2neasc\u0103.\u00a0 Din 2014 \u0219i p\u00e2n\u0103 \u00een prezent au avut loc foarte multe schimb\u0103ri \u0219i ne-am \u00eembun\u0103t\u0103\u021bit constant pentru a putea oferi pasiona\u021bilor de criptomonede cele mai bune servicii \u0219i pentru a le da acestora oportunitatea de a tranzac\u021biona pe platforme sigure \u0219i<a class=\"more-link\" href=\"https:\/\/bitcoinromania.ro\/blog\/despre-noi\/\"><span>Read More<\/span><\/a><\/p>\n","protected":false},"author":19,"featured_media":0,"parent":0,"menu_order":0,"comment_status":"closed","ping_status":"closed","template":"","meta":{"footnotes":""},"class_list":["post-22182","page","type-page","status-publish","hentry"],"yoast_head":"<!-- This site is optimized with the Yoast SEO plugin v27.1.1 - https:\/\/yoast.com\/product\/yoast-seo-wordpress\/ -->\n<title>Despre noi - Bitcoin Romania<\/title>\n<meta name=\"robots\" content=\"index, follow, max-snippet:-1, max-image-preview:large, max-video-preview:-1\" \/>\n<link rel=\"canonical\" href=\"https:\/\/bitcoinromania.ro\/blog\/despre-noi\/\" \/>\n<meta property=\"og:locale\" content=\"ro_RO\" \/>\n<meta property=\"og:type\" content=\"article\" \/>\n<meta property=\"og:title\" content=\"Despre noi - Bitcoin Romania\" \/>\n<meta property=\"og:description\" content=\"Am \u00eenceput povestea \u00een 2014, atunci c\u00e2nd fra\u021bii Constantin Rotariu \u0219i George Rotariu \u0219i-au unit pasiunea pentru criptomonede cu specializ\u0103rile \u00een IT \u0219i finan\u021be ale acestora, d\u00e2nd na\u0219tere primului \u0219i celui mai mare exchange crypto de pe pia\u021ba rom\u00e2neasc\u0103.\u00a0 Din 2014 \u0219i p\u00e2n\u0103 \u00een prezent au avut loc foarte multe schimb\u0103ri \u0219i ne-am \u00eembun\u0103t\u0103\u021bit constant pentru a putea oferi pasiona\u021bilor de criptomonede cele mai bune servicii \u0219i pentru a le da acestora oportunitatea de a tranzac\u021biona pe platforme sigure \u0219iRead More\" \/>\n<meta property=\"og:url\" content=\"https:\/\/bitcoinromania.ro\/blog\/despre-noi\/\" \/>\n<meta property=\"og:site_name\" content=\"Bitcoin Romania\" \/>\n<meta property=\"article:publisher\" content=\"https:\/\/ro-ro.facebook.com\/bitcoinromania\" \/>\n<meta property=\"article:modified_time\" content=\"2024-02-01T12:04:07+00:00\" \/>\n<meta name=\"twitter:label1\" content=\"Timp estimat pentru citire\" \/>\n\t<meta name=\"twitter:data1\" content=\"3 minute\" \/>\n<script type=\"application\/ld+json\" class=\"yoast-schema-graph\">{\"@context\":\"https:\/\/schema.org\",\"@graph\":[{\"@type\":\"WebPage\",\"@id\":\"https:\/\/bitcoinromania.ro\/blog\/despre-noi\/\",\"url\":\"https:\/\/bitcoinromania.ro\/blog\/despre-noi\/\",\"name\":\"Despre noi - Bitcoin Romania\",\"isPartOf\":{\"@id\":\"https:\/\/bitcoinromania.ro\/blog\/#website\"},\"datePublished\":\"2022-04-07T14:07:13+00:00\",\"dateModified\":\"2024-02-01T12:04:07+00:00\",\"breadcrumb\":{\"@id\":\"https:\/\/bitcoinromania.ro\/blog\/despre-noi\/#breadcrumb\"},\"inLanguage\":\"ro-RO\",\"potentialAction\":[{\"@type\":\"ReadAction\",\"target\":[\"https:\/\/bitcoinromania.ro\/blog\/despre-noi\/\"]}]},{\"@type\":\"BreadcrumbList\",\"@id\":\"https:\/\/bitcoinromania.ro\/blog\/despre-noi\/#breadcrumb\",\"itemListElement\":[{\"@type\":\"ListItem\",\"position\":1,\"name\":\"Home\",\"item\":\"https:\/\/bitcoinromania.ro\/blog\/\"},{\"@type\":\"ListItem\",\"position\":2,\"name\":\"Despre noi\"}]},{\"@type\":\"WebSite\",\"@id\":\"https:\/\/bitcoinromania.ro\/blog\/#website\",\"url\":\"https:\/\/bitcoinromania.ro\/blog\/\",\"name\":\"Bitcoin Romania\",\"description\":\"Cumpara si Vinde Bitcoin in Romania\",\"publisher\":{\"@id\":\"https:\/\/bitcoinromania.ro\/blog\/#organization\"},\"potentialAction\":[{\"@type\":\"SearchAction\",\"target\":{\"@type\":\"EntryPoint\",\"urlTemplate\":\"https:\/\/bitcoinromania.ro\/blog\/?s={search_term_string}\"},\"query-input\":{\"@type\":\"PropertyValueSpecification\",\"valueRequired\":true,\"valueName\":\"search_term_string\"}}],\"inLanguage\":\"ro-RO\"},{\"@type\":\"Organization\",\"@id\":\"https:\/\/bitcoinromania.ro\/blog\/#organization\",\"name\":\"Bitcoin Romania\",\"url\":\"https:\/\/bitcoinromania.ro\/blog\/\",\"logo\":{\"@type\":\"ImageObject\",\"inLanguage\":\"ro-RO\",\"@id\":\"https:\/\/bitcoinromania.ro\/blog\/#\/schema\/logo\/image\/\",\"url\":\"https:\/\/bitcoinromania.ro\/blog\/wp-content\/uploads\/2018\/09\/L_logobr.png\",\"contentUrl\":\"https:\/\/bitcoinromania.ro\/blog\/wp-content\/uploads\/2018\/09\/L_logobr.png\",\"width\":163,\"height\":153,\"caption\":\"Bitcoin Romania\"},\"image\":{\"@id\":\"https:\/\/bitcoinromania.ro\/blog\/#\/schema\/logo\/image\/\"},\"sameAs\":[\"https:\/\/ro-ro.facebook.com\/bitcoinromania\",\"https:\/\/x.com\/btcromania\",\"https:\/\/www.instagram.com\/bitcoin.romania\/\",\"https:\/\/www.linkedin.com\/company\/bitcoinromania\",\"https:\/\/www.youtube.com\/channel\/UChniQ4npbLMoVSNKQ2tuJZQ\"]}]}<\/script>\n<!-- \/ Yoast SEO plugin. -->","yoast_head_json":{"title":"Despre noi - Bitcoin Romania","robots":{"index":"index","follow":"follow","max-snippet":"max-snippet:-1","max-image-preview":"max-image-preview:large","max-video-preview":"max-video-preview:-1"},"canonical":"https:\/\/bitcoinromania.ro\/blog\/despre-noi\/","og_locale":"ro_RO","og_type":"article","og_title":"Despre noi - Bitcoin Romania","og_description":"Am \u00eenceput povestea \u00een 2014, atunci c\u00e2nd fra\u021bii Constantin Rotariu \u0219i George Rotariu \u0219i-au unit pasiunea pentru criptomonede cu specializ\u0103rile \u00een IT \u0219i finan\u021be ale acestora, d\u00e2nd na\u0219tere primului \u0219i celui mai mare exchange crypto de pe pia\u021ba rom\u00e2neasc\u0103.\u00a0 Din 2014 \u0219i p\u00e2n\u0103 \u00een prezent au avut loc foarte multe schimb\u0103ri \u0219i ne-am \u00eembun\u0103t\u0103\u021bit constant pentru a putea oferi pasiona\u021bilor de criptomonede cele mai bune servicii \u0219i pentru a le da acestora oportunitatea de a tranzac\u021biona pe platforme sigure \u0219iRead More","og_url":"https:\/\/bitcoinromania.ro\/blog\/despre-noi\/","og_site_name":"Bitcoin Romania","article_publisher":"https:\/\/ro-ro.facebook.com\/bitcoinromania","article_modified_time":"2024-02-01T12:04:07+00:00","twitter_misc":{"Timp estimat pentru citire":"3 minute"},"schema":{"@context":"https:\/\/schema.org","@graph":[{"@type":"WebPage","@id":"https:\/\/bitcoinromania.ro\/blog\/despre-noi\/","url":"https:\/\/bitcoinromania.ro\/blog\/despre-noi\/","name":"Despre noi - Bitcoin Romania","isPartOf":{"@id":"https:\/\/bitcoinromania.ro\/blog\/#website"},"datePublished":"2022-04-07T14:07:13+00:00","dateModified":"2024-02-01T12:04:07+00:00","breadcrumb":{"@id":"https:\/\/bitcoinromania.ro\/blog\/despre-noi\/#breadcrumb"},"inLanguage":"ro-RO","potentialAction":[{"@type":"ReadAction","target":["https:\/\/bitcoinromania.ro\/blog\/despre-noi\/"]}]},{"@type":"BreadcrumbList","@id":"https:\/\/bitcoinromania.ro\/blog\/despre-noi\/#breadcrumb","itemListElement":[{"@type":"ListItem","position":1,"name":"Home","item":"https:\/\/bitcoinromania.ro\/blog\/"},{"@type":"ListItem","position":2,"name":"Despre noi"}]},{"@type":"WebSite","@id":"https:\/\/bitcoinromania.ro\/blog\/#website","url":"https:\/\/bitcoinromania.ro\/blog\/","name":"Bitcoin Romania","description":"Cumpara si Vinde Bitcoin in Romania","publisher":{"@id":"https:\/\/bitcoinromania.ro\/blog\/#organization"},"potentialAction":[{"@type":"SearchAction","target":{"@type":"EntryPoint","urlTemplate":"https:\/\/bitcoinromania.ro\/blog\/?s={search_term_string}"},"query-input":{"@type":"PropertyValueSpecification","valueRequired":true,"valueName":"search_term_string"}}],"inLanguage":"ro-RO"},{"@type":"Organization","@id":"https:\/\/bitcoinromania.ro\/blog\/#organization","name":"Bitcoin Romania","url":"https:\/\/bitcoinromania.ro\/blog\/","logo":{"@type":"ImageObject","inLanguage":"ro-RO","@id":"https:\/\/bitcoinromania.ro\/blog\/#\/schema\/logo\/image\/","url":"https:\/\/bitcoinromania.ro\/blog\/wp-content\/uploads\/2018\/09\/L_logobr.png","contentUrl":"https:\/\/bitcoinromania.ro\/blog\/wp-content\/uploads\/2018\/09\/L_logobr.png","width":163,"height":153,"caption":"Bitcoin Romania"},"image":{"@id":"https:\/\/bitcoinromania.ro\/blog\/#\/schema\/logo\/image\/"},"sameAs":["https:\/\/ro-ro.facebook.com\/bitcoinromania","https:\/\/x.com\/btcromania","https:\/\/www.instagram.com\/bitcoin.romania\/","https:\/\/www.linkedin.com\/company\/bitcoinromania","https:\/\/www.youtube.com\/channel\/UChniQ4npbLMoVSNKQ2tuJZQ"]}]}},"_links":{"self":[{"href":"https:\/\/bitcoinromania.ro\/blog\/wp-json\/wp\/v2\/pages\/22182","targetHints":{"allow":["GET"]}}],"collection":[{"href":"https:\/\/bitcoinromania.ro\/blog\/wp-json\/wp\/v2\/pages"}],"about":[{"href":"https:\/\/bitcoinromania.ro\/blog\/wp-json\/wp\/v2\/types\/page"}],"author":[{"embeddable":true,"href":"https:\/\/bitcoinromania.ro\/blog\/wp-json\/wp\/v2\/users\/19"}],"replies":[{"embeddable":true,"href":"https:\/\/bitcoinromania.ro\/blog\/wp-json\/wp\/v2\/comments?post=22182"}],"version-history":[{"count":0,"href":"https:\/\/bitcoinromania.ro\/blog\/wp-json\/wp\/v2\/pages\/22182\/revisions"}],"wp:attachment":[{"href":"https:\/\/bitcoinromania.ro\/blog\/wp-json\/wp\/v2\/media?parent=22182"}],"curies":[{"name":"wp","href":"https:\/\/api.w.org\/{rel}","templated":true}]}}